{"id":6010,"date":"2023-03-08T20:42:12","date_gmt":"2023-03-08T19:42:12","guid":{"rendered":"https:\/\/tea-quiero.com\/?page_id=6010"},"modified":"2023-03-10T11:41:39","modified_gmt":"2023-03-10T10:41:39","slug":"tqe","status":"publish","type":"page","link":"https:\/\/tea-quiero.com\/de\/products\/tqe\/","title":{"rendered":"Heat Sealed Envelopes | TQE"},"content":{"rendered":"<div data-elementor-type=\"wp-page\" data-elementor-id=\"6010\" class=\"elementor elementor-6010\">\n\t\t\t\t\t\t<section class=\"elementor-section elementor-top-section elementor-element elementor-element-6180e9a6ddc9b elementor-section-boxed elementor-section-height-default elementor-section-height-default\" data-id=\"6180e9a6ddc9b\" data-element_type=\"section\">\n\t\t\t\t\t\t<div class=\"elementor-container elementor-column-gap-default\">\n\t\t\t\t\t<div class=\"elementor-column elementor-col-100 elementor-top-column elementor-element elementor-element-e83f131\" data-id=\"e83f131\" data-element_type=\"column\">\n\t\t\t<div class=\"elementor-widget-wrap elementor-element-populated\">\n\t\t\t\t\t\t<div class=\"elementor-element elementor-element-28bcdef elementor-widget elementor-widget-ube-bullet-one-page-scroll-navigation\" data-id=\"28bcdef\" data-element_type=\"widget\" data-widget_type=\"ube-bullet-one-page-scroll-navigation.default\">\n\t\t\t\t<div class=\"elementor-widget-container\">\n\t\t\t\t\t<nav class=\"nav ube-nav bullet-one-page-scroll-navigation nav-dark alignment-right\" id=\"ube-main-nav\">\n\t        <a href=\"#section-01\" data-skin=\"light\"\n           title=\"\"\n           class=\"nav-link\"><\/a>\n\t        <a href=\"#section-02\" data-skin=\"light\"\n           title=\"\"\n           class=\"nav-link\"><\/a>\n\t        <a href=\"#section-03\" data-skin=\"light\"\n           title=\"\"\n           class=\"nav-link\"><\/a>\n\t        <a href=\"#section-04\" data-skin=\"dark\"\n           title=\"\"\n           class=\"nav-link\"><\/a>\n\t        <a href=\"#section-05\" data-skin=\"light\"\n           title=\"\"\n           class=\"nav-link\"><\/a>\n\t        <a href=\"#section-06\" data-skin=\"light\"\n           title=\"\"\n           class=\"nav-link\"><\/a>\n\t        <a href=\"#section-07\" data-skin=\"light\"\n           title=\"\"\n           class=\"nav-link\"><\/a>\n\t        <a href=\"#section-08\" data-skin=\"light\"\n           title=\"\"\n           class=\"nav-link\"><\/a>\n\t        <a href=\"#section-09\" data-skin=\"light\"\n           title=\"\"\n           class=\"nav-link\"><\/a>\n\t<\/nav>\n\t\t\t\t<\/div>\n\t\t\t\t<\/div>\n\t\t\t\t\t<\/div>\n\t\t<\/div>\n\t\t\t\t\t<\/div>\n\t\t<\/section>\n\t\t\t\t<section class=\"g5core__ll-background elementor-section elementor-top-section elementor-element elementor-element-7ef3f07 elementor-section-height-full g5core__el-width-1440 elementor-section-boxed elementor-section-height-default elementor-section-items-middle\" data-bg=\"https:\/\/tea-quiero.com\/wp-content\/uploads\/2023\/03\/TE-VERDE.jpg\" data-id=\"7ef3f07\" data-element_type=\"section\" id=\"section-01\" data-settings=\"{&quot;background_background&quot;:&quot;classic&quot;}\">\n\t\t\t\t\t\t<div class=\"elementor-container elementor-column-gap-default\">\n\t\t\t\t\t<div class=\"elementor-column elementor-col-50 elementor-top-column elementor-element elementor-element-0d83028 elementor-hidden-tablet elementor-hidden-mobile\" data-id=\"0d83028\" data-element_type=\"column\">\n\t\t\t<div class=\"elementor-widget-wrap\">\n\t\t\t\t\t\t\t<\/div>\n\t\t<\/div>\n\t\t\t\t<div class=\"elementor-column elementor-col-50 elementor-top-column elementor-element elementor-element-57e3624\" data-id=\"57e3624\" data-element_type=\"column\">\n\t\t\t<div class=\"elementor-widget-wrap elementor-element-populated\">\n\t\t\t\t\t\t<div class=\"elementor-element elementor-element-faf1dd4 elementor-align-center elementor-mobile-align-right elementor-widget elementor-widget-ube-heading\" data-id=\"faf1dd4\" data-element_type=\"widget\" data-widget_type=\"ube-heading.default\">\n\t\t\t\t<div class=\"elementor-widget-container\">\n\t\t\t\t\t<div class=\"ube-heading\">\n\t<h2 class=\"ube-heading-title\">T\u00e9 Verde<\/h2><\/div>\t\t\t\t<\/div>\n\t\t\t\t<\/div>\n\t\t\t\t<div class=\"elementor-element elementor-element-8afe044 elementor-align-center btn-link-border elementor-mobile-align-right elementor-widget elementor-widget-ube-button\" data-id=\"8afe044\" data-element_type=\"widget\" data-widget_type=\"ube-button.default\">\n\t\t\t\t<div class=\"elementor-widget-container\">\n\t\t\t\t\t<a class=\"ube-btn btn btn-md btn- btn-link ube-btn-icon-right\" href=\"https:\/\/tea-quiero.com\/de\/products\/tqe\/te-verde\/\">\n\t    <span class=\"ube-btn-text\">Siehe mehr<\/span>\n\t        <span class=\"ube-btn-icon ube-icon\"><\/span>\n\t<\/a>\n\n\n\t\t\t\t<\/div>\n\t\t\t\t<\/div>\n\t\t\t\t\t<\/div>\n\t\t<\/div>\n\t\t\t\t\t<\/div>\n\t\t<\/section>\n\t\t\t\t<section class=\"g5core__ll-background elementor-section elementor-top-section elementor-element elementor-element-6180e9a6ddc9e elementor-section-height-full g5core__el-width-1440 elementor-section-boxed elementor-section-height-default elementor-section-items-middle\" data-bg=\"https:\/\/tea-quiero.com\/wp-content\/uploads\/2023\/03\/ENGLISH.jpg\" data-id=\"6180e9a6ddc9e\" data-element_type=\"section\" id=\"section-02\" data-settings=\"{&quot;background_background&quot;:&quot;classic&quot;}\">\n\t\t\t\t\t\t<div class=\"elementor-container elementor-column-gap-default\">\n\t\t\t\t\t<div class=\"elementor-column elementor-col-50 elementor-top-column elementor-element elementor-element-1fe113a\" data-id=\"1fe113a\" data-element_type=\"column\">\n\t\t\t<div class=\"elementor-widget-wrap elementor-element-populated\">\n\t\t\t\t\t\t<div class=\"elementor-element elementor-element-d88a302 elementor-align-center elementor-mobile-align-left elementor-widget elementor-widget-ube-heading\" data-id=\"d88a302\" data-element_type=\"widget\" data-widget_type=\"ube-heading.default\">\n\t\t\t\t<div class=\"elementor-widget-container\">\n\t\t\t\t\t<div class=\"ube-heading\">\n\t<h2 class=\"ube-heading-title\">English Breakfast<\/h2><\/div>\t\t\t\t<\/div>\n\t\t\t\t<\/div>\n\t\t\t\t<div class=\"elementor-element elementor-element-a505d6c elementor-align-center btn-link-border elementor-mobile-align-left elementor-widget elementor-widget-ube-button\" data-id=\"a505d6c\" data-element_type=\"widget\" data-widget_type=\"ube-button.default\">\n\t\t\t\t<div class=\"elementor-widget-container\">\n\t\t\t\t\t<a class=\"ube-btn btn btn-md btn- btn-link ube-btn-icon-right\" href=\"https:\/\/tea-quiero.com\/de\/products\/tqe\/english-breakfast\/\">\n\t    <span class=\"ube-btn-text\">Siehe mehr<\/span>\n\t        <span class=\"ube-btn-icon ube-icon\"><\/span>\n\t<\/a>\n\n\n\t\t\t\t<\/div>\n\t\t\t\t<\/div>\n\t\t\t\t\t<\/div>\n\t\t<\/div>\n\t\t\t\t<div class=\"elementor-column elementor-col-50 elementor-top-column elementor-element elementor-element-d1f5041 elementor-hidden-tablet elementor-hidden-mobile\" data-id=\"d1f5041\" data-element_type=\"column\">\n\t\t\t<div class=\"elementor-widget-wrap\">\n\t\t\t\t\t\t\t<\/div>\n\t\t<\/div>\n\t\t\t\t\t<\/div>\n\t\t<\/section>\n\t\t\t\t<section class=\"g5core__ll-background elementor-section elementor-top-section elementor-element elementor-element-8248307 elementor-section-height-full g5core__el-width-1440 elementor-section-boxed elementor-section-height-default elementor-section-items-middle\" data-bg=\"https:\/\/tea-quiero.com\/wp-content\/uploads\/2023\/03\/FRUTAS-DEL-BOSQUE.jpg\" data-id=\"8248307\" data-element_type=\"section\" id=\"section-03\" data-settings=\"{&quot;background_background&quot;:&quot;classic&quot;}\">\n\t\t\t\t\t\t<div class=\"elementor-container elementor-column-gap-default\">\n\t\t\t\t\t<div class=\"elementor-column elementor-col-50 elementor-top-column elementor-element elementor-element-b8012e9 elementor-hidden-tablet elementor-hidden-mobile\" data-id=\"b8012e9\" data-element_type=\"column\">\n\t\t\t<div class=\"elementor-widget-wrap\">\n\t\t\t\t\t\t\t<\/div>\n\t\t<\/div>\n\t\t\t\t<div class=\"elementor-column elementor-col-50 elementor-top-column elementor-element elementor-element-fabfb18\" data-id=\"fabfb18\" data-element_type=\"column\">\n\t\t\t<div class=\"elementor-widget-wrap elementor-element-populated\">\n\t\t\t\t\t\t<div class=\"elementor-element elementor-element-5ee1f23 elementor-align-center elementor-mobile-align-right elementor-widget elementor-widget-ube-heading\" data-id=\"5ee1f23\" data-element_type=\"widget\" data-widget_type=\"ube-heading.default\">\n\t\t\t\t<div class=\"elementor-widget-container\">\n\t\t\t\t\t<div class=\"ube-heading\">\n\t<h2 class=\"ube-heading-title\">Frutas del Bosque<\/h2><\/div>\t\t\t\t<\/div>\n\t\t\t\t<\/div>\n\t\t\t\t<div class=\"elementor-element elementor-element-6b87b19 elementor-align-center btn-link-border elementor-mobile-align-right elementor-widget elementor-widget-ube-button\" data-id=\"6b87b19\" data-element_type=\"widget\" data-widget_type=\"ube-button.default\">\n\t\t\t\t<div class=\"elementor-widget-container\">\n\t\t\t\t\t<a class=\"ube-btn btn btn-md btn- btn-link ube-btn-icon-right\" href=\"https:\/\/tea-quiero.com\/de\/products\/tqe\/frutas-del-bosque\/\">\n\t    <span class=\"ube-btn-text\">Siehe mehr<\/span>\n\t        <span class=\"ube-btn-icon ube-icon\"><\/span>\n\t<\/a>\n\n\n\t\t\t\t<\/div>\n\t\t\t\t<\/div>\n\t\t\t\t\t<\/div>\n\t\t<\/div>\n\t\t\t\t\t<\/div>\n\t\t<\/section>\n\t\t\t\t<section class=\"g5core__ll-background elementor-section elementor-top-section elementor-element elementor-element-82a468c elementor-section-height-full g5core__el-width-1440 elementor-section-boxed elementor-section-height-default elementor-section-items-middle\" data-bg=\"https:\/\/tea-quiero.com\/wp-content\/uploads\/2023\/03\/MANZANILLA.jpg\" data-id=\"82a468c\" data-element_type=\"section\" id=\"section-04\" data-settings=\"{&quot;background_background&quot;:&quot;classic&quot;}\">\n\t\t\t\t\t\t<div class=\"elementor-container elementor-column-gap-default\">\n\t\t\t\t\t<div class=\"elementor-column elementor-col-50 elementor-top-column elementor-element elementor-element-c96d3b8\" data-id=\"c96d3b8\" data-element_type=\"column\">\n\t\t\t<div class=\"elementor-widget-wrap elementor-element-populated\">\n\t\t\t\t\t\t<div class=\"elementor-element elementor-element-8430079 elementor-align-center elementor-mobile-align-left elementor-widget elementor-widget-ube-heading\" data-id=\"8430079\" data-element_type=\"widget\" data-widget_type=\"ube-heading.default\">\n\t\t\t\t<div class=\"elementor-widget-container\">\n\t\t\t\t\t<div class=\"ube-heading\">\n\t<h2 class=\"ube-heading-title\">Manzanilla<\/h2><\/div>\t\t\t\t<\/div>\n\t\t\t\t<\/div>\n\t\t\t\t<div class=\"elementor-element elementor-element-8820738 elementor-align-center btn-link-border elementor-mobile-align-left elementor-widget elementor-widget-ube-button\" data-id=\"8820738\" data-element_type=\"widget\" data-widget_type=\"ube-button.default\">\n\t\t\t\t<div class=\"elementor-widget-container\">\n\t\t\t\t\t<a class=\"ube-btn btn btn-md btn- btn-link ube-btn-icon-right\" href=\"https:\/\/tea-quiero.com\/de\/products\/tqe\/manzanilla\/\">\n\t    <span class=\"ube-btn-text\">Siehe mehr<\/span>\n\t        <span class=\"ube-btn-icon ube-icon\"><\/span>\n\t<\/a>\n\n\n\t\t\t\t<\/div>\n\t\t\t\t<\/div>\n\t\t\t\t\t<\/div>\n\t\t<\/div>\n\t\t\t\t<div class=\"elementor-column elementor-col-50 elementor-top-column elementor-element elementor-element-c4ac6b9 elementor-hidden-tablet elementor-hidden-mobile\" data-id=\"c4ac6b9\" data-element_type=\"column\">\n\t\t\t<div class=\"elementor-widget-wrap\">\n\t\t\t\t\t\t\t<\/div>\n\t\t<\/div>\n\t\t\t\t\t<\/div>\n\t\t<\/section>\n\t\t\t\t<section class=\"g5core__ll-background elementor-section elementor-top-section elementor-element elementor-element-ffcfefd elementor-section-height-full g5core__el-width-1440 elementor-section-boxed elementor-section-height-default elementor-section-items-middle\" data-bg=\"https:\/\/tea-quiero.com\/wp-content\/uploads\/2023\/03\/MENTA.jpg\" data-id=\"ffcfefd\" data-element_type=\"section\" id=\"section-05\" data-settings=\"{&quot;background_background&quot;:&quot;classic&quot;}\">\n\t\t\t\t\t\t<div class=\"elementor-container elementor-column-gap-default\">\n\t\t\t\t\t<div class=\"elementor-column elementor-col-50 elementor-top-column elementor-element elementor-element-1371405 elementor-hidden-tablet elementor-hidden-mobile\" data-id=\"1371405\" data-element_type=\"column\">\n\t\t\t<div class=\"elementor-widget-wrap\">\n\t\t\t\t\t\t\t<\/div>\n\t\t<\/div>\n\t\t\t\t<div class=\"elementor-column elementor-col-50 elementor-top-column elementor-element elementor-element-5644537\" data-id=\"5644537\" data-element_type=\"column\">\n\t\t\t<div class=\"elementor-widget-wrap elementor-element-populated\">\n\t\t\t\t\t\t<div class=\"elementor-element elementor-element-8027b58 elementor-align-center elementor-mobile-align-right elementor-widget elementor-widget-ube-heading\" data-id=\"8027b58\" data-element_type=\"widget\" data-widget_type=\"ube-heading.default\">\n\t\t\t\t<div class=\"elementor-widget-container\">\n\t\t\t\t\t<div class=\"ube-heading\">\n\t<h2 class=\"ube-heading-title\">Menta<\/h2><\/div>\t\t\t\t<\/div>\n\t\t\t\t<\/div>\n\t\t\t\t<div class=\"elementor-element elementor-element-ff46ce5 elementor-align-center btn-link-border elementor-mobile-align-right elementor-widget elementor-widget-ube-button\" data-id=\"ff46ce5\" data-element_type=\"widget\" data-widget_type=\"ube-button.default\">\n\t\t\t\t<div class=\"elementor-widget-container\">\n\t\t\t\t\t<a class=\"ube-btn btn btn-md btn- btn-link ube-btn-icon-right\" href=\"https:\/\/tea-quiero.com\/de\/products\/tqe\/menta\/\">\n\t    <span class=\"ube-btn-text\">Siehe mehr<\/span>\n\t        <span class=\"ube-btn-icon ube-icon\"><\/span>\n\t<\/a>\n\n\n\t\t\t\t<\/div>\n\t\t\t\t<\/div>\n\t\t\t\t\t<\/div>\n\t\t<\/div>\n\t\t\t\t\t<\/div>\n\t\t<\/section>\n\t\t\t\t<section class=\"g5core__ll-background elementor-section elementor-top-section elementor-element elementor-element-efd449d elementor-section-height-full g5core__el-width-1440 elementor-section-boxed elementor-section-height-default elementor-section-items-middle\" data-bg=\"https:\/\/tea-quiero.com\/wp-content\/uploads\/2023\/03\/CANELA.jpg\" data-id=\"efd449d\" data-element_type=\"section\" id=\"section-06\" data-settings=\"{&quot;background_background&quot;:&quot;classic&quot;}\">\n\t\t\t\t\t\t<div class=\"elementor-container elementor-column-gap-default\">\n\t\t\t\t\t<div class=\"elementor-column elementor-col-50 elementor-top-column elementor-element elementor-element-b8788bd elementor-hidden-tablet elementor-hidden-mobile\" data-id=\"b8788bd\" data-element_type=\"column\">\n\t\t\t<div class=\"elementor-widget-wrap\">\n\t\t\t\t\t\t\t<\/div>\n\t\t<\/div>\n\t\t\t\t<div class=\"elementor-column elementor-col-50 elementor-top-column elementor-element elementor-element-8675d5a\" data-id=\"8675d5a\" data-element_type=\"column\">\n\t\t\t<div class=\"elementor-widget-wrap elementor-element-populated\">\n\t\t\t\t\t\t<div class=\"elementor-element elementor-element-55eee2d elementor-align-center elementor-mobile-align-right elementor-widget elementor-widget-ube-heading\" data-id=\"55eee2d\" data-element_type=\"widget\" data-widget_type=\"ube-heading.default\">\n\t\t\t\t<div class=\"elementor-widget-container\">\n\t\t\t\t\t<div class=\"ube-heading\">\n\t<h2 class=\"ube-heading-title\">T\u00e9 Canela<\/h2><\/div>\t\t\t\t<\/div>\n\t\t\t\t<\/div>\n\t\t\t\t<div class=\"elementor-element elementor-element-d256360 elementor-align-center btn-link-border elementor-mobile-align-right elementor-widget elementor-widget-ube-button\" data-id=\"d256360\" data-element_type=\"widget\" data-widget_type=\"ube-button.default\">\n\t\t\t\t<div class=\"elementor-widget-container\">\n\t\t\t\t\t<a class=\"ube-btn btn btn-md btn- btn-link ube-btn-icon-right\" href=\"https:\/\/tea-quiero.com\/de\/products\/tqe\/te-canela\/\">\n\t    <span class=\"ube-btn-text\">Siehe mehr<\/span>\n\t        <span class=\"ube-btn-icon ube-icon\"><\/span>\n\t<\/a>\n\n\n\t\t\t\t<\/div>\n\t\t\t\t<\/div>\n\t\t\t\t\t<\/div>\n\t\t<\/div>\n\t\t\t\t\t<\/div>\n\t\t<\/section>\n\t\t\t\t<section class=\"g5core__ll-background elementor-section elementor-top-section elementor-element elementor-element-9ba7a00 elementor-section-height-full g5core__el-width-1440 elementor-section-boxed elementor-section-height-default elementor-section-items-middle\" data-bg=\"https:\/\/tea-quiero.com\/wp-content\/uploads\/2023\/03\/MORUNO.jpg\" data-id=\"9ba7a00\" data-element_type=\"section\" id=\"section-07\" data-settings=\"{&quot;background_background&quot;:&quot;classic&quot;}\">\n\t\t\t\t\t\t<div class=\"elementor-container elementor-column-gap-default\">\n\t\t\t\t\t<div class=\"elementor-column elementor-col-50 elementor-top-column elementor-element elementor-element-389b151\" data-id=\"389b151\" data-element_type=\"column\">\n\t\t\t<div class=\"elementor-widget-wrap elementor-element-populated\">\n\t\t\t\t\t\t<div class=\"elementor-element elementor-element-4172e3c elementor-align-center elementor-mobile-align-left elementor-widget elementor-widget-ube-heading\" data-id=\"4172e3c\" data-element_type=\"widget\" data-widget_type=\"ube-heading.default\">\n\t\t\t\t<div class=\"elementor-widget-container\">\n\t\t\t\t\t<div class=\"ube-heading\">\n\t<h2 class=\"ube-heading-title\">T\u00e9 Moruno<\/h2><\/div>\t\t\t\t<\/div>\n\t\t\t\t<\/div>\n\t\t\t\t<div class=\"elementor-element elementor-element-4602bc7 elementor-align-center btn-link-border elementor-mobile-align-left elementor-widget elementor-widget-ube-button\" data-id=\"4602bc7\" data-element_type=\"widget\" data-widget_type=\"ube-button.default\">\n\t\t\t\t<div class=\"elementor-widget-container\">\n\t\t\t\t\t<a class=\"ube-btn btn btn-md btn- btn-link ube-btn-icon-right\" href=\"https:\/\/tea-quiero.com\/de\/products\/tqe\/te-moruno\/\">\n\t    <span class=\"ube-btn-text\">Siehe mehr<\/span>\n\t        <span class=\"ube-btn-icon ube-icon\"><\/span>\n\t<\/a>\n\n\n\t\t\t\t<\/div>\n\t\t\t\t<\/div>\n\t\t\t\t\t<\/div>\n\t\t<\/div>\n\t\t\t\t<div class=\"elementor-column elementor-col-50 elementor-top-column elementor-element elementor-element-12aa3e2 elementor-hidden-tablet elementor-hidden-mobile\" data-id=\"12aa3e2\" data-element_type=\"column\">\n\t\t\t<div class=\"elementor-widget-wrap\">\n\t\t\t\t\t\t\t<\/div>\n\t\t<\/div>\n\t\t\t\t\t<\/div>\n\t\t<\/section>\n\t\t\t\t<section class=\"g5core__ll-background elementor-section elementor-top-section elementor-element elementor-element-6bf1080 elementor-section-height-full g5core__el-width-1440 elementor-section-boxed elementor-section-height-default elementor-section-items-middle\" data-bg=\"https:\/\/tea-quiero.com\/wp-content\/uploads\/2023\/03\/ROOIBOS.jpg\" data-id=\"6bf1080\" data-element_type=\"section\" id=\"section-08\" data-settings=\"{&quot;background_background&quot;:&quot;classic&quot;}\">\n\t\t\t\t\t\t<div class=\"elementor-container elementor-column-gap-default\">\n\t\t\t\t\t<div class=\"elementor-column elementor-col-50 elementor-top-column elementor-element elementor-element-00e4d99 elementor-hidden-tablet elementor-hidden-mobile\" data-id=\"00e4d99\" data-element_type=\"column\">\n\t\t\t<div class=\"elementor-widget-wrap\">\n\t\t\t\t\t\t\t<\/div>\n\t\t<\/div>\n\t\t\t\t<div class=\"elementor-column elementor-col-50 elementor-top-column elementor-element elementor-element-4a757e4\" data-id=\"4a757e4\" data-element_type=\"column\">\n\t\t\t<div class=\"elementor-widget-wrap elementor-element-populated\">\n\t\t\t\t\t\t<div class=\"elementor-element elementor-element-84fc2b9 elementor-align-center elementor-mobile-align-right elementor-widget elementor-widget-ube-heading\" data-id=\"84fc2b9\" data-element_type=\"widget\" data-widget_type=\"ube-heading.default\">\n\t\t\t\t<div class=\"elementor-widget-container\">\n\t\t\t\t\t<div class=\"ube-heading\">\n\t<h2 class=\"ube-heading-title\">Rooibos<\/h2><\/div>\t\t\t\t<\/div>\n\t\t\t\t<\/div>\n\t\t\t\t<div class=\"elementor-element elementor-element-fad8aa6 elementor-align-center btn-link-border elementor-mobile-align-right elementor-widget elementor-widget-ube-button\" data-id=\"fad8aa6\" data-element_type=\"widget\" data-widget_type=\"ube-button.default\">\n\t\t\t\t<div class=\"elementor-widget-container\">\n\t\t\t\t\t<a class=\"ube-btn btn btn-md btn- btn-link ube-btn-icon-right\" href=\"https:\/\/tea-quiero.com\/de\/products\/tqe\/rooibos\/\">\n\t    <span class=\"ube-btn-text\">Siehe mehr<\/span>\n\t        <span class=\"ube-btn-icon ube-icon\"><\/span>\n\t<\/a>\n\n\n\t\t\t\t<\/div>\n\t\t\t\t<\/div>\n\t\t\t\t\t<\/div>\n\t\t<\/div>\n\t\t\t\t\t<\/div>\n\t\t<\/section>\n\t\t\t\t<section class=\"g5core__ll-background elementor-section elementor-top-section elementor-element elementor-element-8625bb3 elementor-section-height-full g5core__el-width-1440 elementor-section-boxed elementor-section-height-default elementor-section-items-middle\" data-bg=\"https:\/\/tea-quiero.com\/wp-content\/uploads\/2023\/03\/TE-ROJO.jpg\" data-id=\"8625bb3\" data-element_type=\"section\" id=\"section-09\" data-settings=\"{&quot;background_background&quot;:&quot;classic&quot;}\">\n\t\t\t\t\t\t<div class=\"elementor-container elementor-column-gap-default\">\n\t\t\t\t\t<div class=\"elementor-column elementor-col-50 elementor-top-column elementor-element elementor-element-18ffe0e elementor-hidden-tablet elementor-hidden-mobile\" data-id=\"18ffe0e\" data-element_type=\"column\">\n\t\t\t<div class=\"elementor-widget-wrap\">\n\t\t\t\t\t\t\t<\/div>\n\t\t<\/div>\n\t\t\t\t<div class=\"elementor-column elementor-col-50 elementor-top-column elementor-element elementor-element-03337d3\" data-id=\"03337d3\" data-element_type=\"column\">\n\t\t\t<div class=\"elementor-widget-wrap elementor-element-populated\">\n\t\t\t\t\t\t<div class=\"elementor-element elementor-element-d2b7ff9 elementor-align-center elementor-mobile-align-right elementor-widget elementor-widget-ube-heading\" data-id=\"d2b7ff9\" data-element_type=\"widget\" data-widget_type=\"ube-heading.default\">\n\t\t\t\t<div class=\"elementor-widget-container\">\n\t\t\t\t\t<div class=\"ube-heading\">\n\t<h2 class=\"ube-heading-title\">T\u00e9 Rojo<\/h2><\/div>\t\t\t\t<\/div>\n\t\t\t\t<\/div>\n\t\t\t\t<div class=\"elementor-element elementor-element-ec0fc47 elementor-align-center btn-link-border elementor-mobile-align-right elementor-widget elementor-widget-ube-button\" data-id=\"ec0fc47\" data-element_type=\"widget\" data-widget_type=\"ube-button.default\">\n\t\t\t\t<div class=\"elementor-widget-container\">\n\t\t\t\t\t<a class=\"ube-btn btn btn-md btn- btn-link ube-btn-icon-right\" href=\"https:\/\/tea-quiero.com\/de\/products\/tqe\/te-rojo\/\">\n\t    <span class=\"ube-btn-text\">Siehe mehr<\/span>\n\t        <span class=\"ube-btn-icon ube-icon\"><\/span>\n\t<\/a>\n\n\n\t\t\t\t<\/div>\n\t\t\t\t<\/div>\n\t\t\t\t\t<\/div>\n\t\t<\/div>\n\t\t\t\t\t<\/div>\n\t\t<\/section>\n\t\t\t\t<\/div>","protected":false},"excerpt":{"rendered":"<p>T\u00e9 Verde See more English Breakfast See more Frutas del Bosque See more Manzanilla See more Menta See more T\u00e9 Canela See more T\u00e9 Moruno See more Rooibos See more T\u00e9 Rojo See more<\/p>","protected":false},"author":2,"featured_media":0,"parent":5651,"menu_order":0,"comment_status":"closed","ping_status":"closed","template":"elementor_header_footer","meta":{"footnotes":""},"_links":{"self":[{"href":"https:\/\/tea-quiero.com\/de\/wp-json\/wp\/v2\/pages\/6010"}],"collection":[{"href":"https:\/\/tea-quiero.com\/de\/wp-json\/wp\/v2\/pages"}],"about":[{"href":"https:\/\/tea-quiero.com\/de\/wp-json\/wp\/v2\/types\/page"}],"author":[{"embeddable":true,"href":"https:\/\/tea-quiero.com\/de\/wp-json\/wp\/v2\/users\/2"}],"replies":[{"embeddable":true,"href":"https:\/\/tea-quiero.com\/de\/wp-json\/wp\/v2\/comments?post=6010"}],"version-history":[{"count":16,"href":"https:\/\/tea-quiero.com\/de\/wp-json\/wp\/v2\/pages\/6010\/revisions"}],"predecessor-version":[{"id":6687,"href":"https:\/\/tea-quiero.com\/de\/wp-json\/wp\/v2\/pages\/6010\/revisions\/6687"}],"up":[{"embeddable":true,"href":"https:\/\/tea-quiero.com\/de\/wp-json\/wp\/v2\/pages\/5651"}],"wp:attachment":[{"href":"https:\/\/tea-quiero.com\/de\/wp-json\/wp\/v2\/media?parent=6010"}],"curies":[{"name":"wp","href":"https:\/\/api.w.org\/{rel}","templated":true}]}}