{"id":5651,"date":"2023-03-08T12:33:07","date_gmt":"2023-03-08T11:33:07","guid":{"rendered":"https:\/\/tea-quiero.com\/?page_id=5651"},"modified":"2024-07-10T17:07:06","modified_gmt":"2024-07-10T15:07:06","slug":"products","status":"publish","type":"page","link":"https:\/\/tea-quiero.com\/de\/products\/","title":{"rendered":"Tea Quiero Product Range"},"content":{"rendered":"<div data-elementor-type=\"wp-page\" data-elementor-id=\"5651\" class=\"elementor elementor-5651\">\n\t\t\t\t\t\t<section class=\"elementor-section elementor-top-section elementor-element elementor-element-640872b6a9c52 elementor-section-full_width elementor-section-height-default elementor-section-height-default\" data-id=\"640872b6a9c52\" data-element_type=\"section\">\n\t\t\t\t\t\t<div class=\"elementor-container elementor-column-gap-default\">\n\t\t\t\t\t<div class=\"elementor-column elementor-col-100 elementor-top-column elementor-element elementor-element-c32f85a\" data-id=\"c32f85a\" data-element_type=\"column\">\n\t\t\t<div class=\"elementor-widget-wrap elementor-element-populated\">\n\t\t\t\t\t\t<section class=\"elementor-section elementor-inner-section elementor-element elementor-element-0ca952a g5core__el-width-1440 elementor-section-boxed elementor-section-height-default elementor-section-height-default\" data-id=\"0ca952a\" data-element_type=\"section\">\n\t\t\t\t\t\t<div class=\"elementor-container elementor-column-gap-default\">\n\t\t\t\t\t<div class=\"elementor-column elementor-col-100 elementor-inner-column elementor-element elementor-element-466a83c\" data-id=\"466a83c\" data-element_type=\"column\">\n\t\t\t<div class=\"elementor-widget-wrap elementor-element-populated\">\n\t\t\t\t\t\t<div class=\"elementor-element elementor-element-e98eb8b elementor-align-center elementor-widget elementor-widget-ube-banner\" data-id=\"e98eb8b\" data-element_type=\"widget\" data-widget_type=\"ube-banner.default\">\n\t\t\t\t<div class=\"elementor-widget-container\">\n\t\t\t\t\t    <div class=\"ube-banner ube-banner-layout-04 ube-banner-has-effect ube-banner-effect-flash ube-banner-effect-img-zoom-in\">\n        <div class=\"ube-banner-image\">\n\t\t\t            <div class=\"g5core__ll-background ube-banner-bg\" data-bg=\"https:\/\/tea-quiero.com\/wp-content\/uploads\/2024\/07\/banner-tqb-granada-ginger.jpg\" style=\"background-image : url(https:\/\/tea-quiero.com\/wp-content\/uploads\/2024\/07\/banner-tqb-granada-ginger.jpg)\">\n            <\/div>\n        <\/div>\n        <div class=\"ube-banner-content\">\n\t\t\t\t\t\t<h4 class=\"ube-banner-title\">                    <a href=\"https:\/\/tea-quiero.com\/de\/products\/tqb\/\">\n\t\t\t\t\t\tPyramid Miniboxes                    <\/a>\n\t\t\t\t<\/h4>\t\t\t <div class=\"ube-banner-bottom-box\">\t\t\t                <div class=\"ube-banner-description\">\n\t\t\t\t\t<p class=\"p1\"><span class=\"s1\">Tea Quiero Minibox ist ein hochwertiges und exklusives HoReCa Bio-Tee-Konzept. Unser hochwertiger, handgepfl\u00fcckter und nachhaltiger Tee ist perfekt in biologisch abbaubaren Teebeuteln verpackt. Unsere Miniboxen sind aus Karton gefertigt und k\u00f6nnen nach dem Aufbr\u00fchen als Ablage f\u00fcr Ihren Teebeutel wiederverwendet werden. Unser sorgf\u00e4ltig ausgew\u00e4hltes Sortiment von 10 Bio-Teesorten (3 Schwarztees, 3 Gr\u00fcntees und 4 Aufg\u00fcsse) wurde von unseren Teeexperten speziell gemischt, um sicherzustellen, dass die subtilen Geschmacksnoten und erfrischenden Aromen bei jeder Tasse gleichbleibend gut zur Geltung kommen, so dass Ihnen ein qualitativ hochwertiges Teeerlebnis garantiert ist.<\/span><\/p>                <\/div>\n\t\t\t\t\t\t\t\t\t\t\t\t\t                    <a href=\"https:\/\/tea-quiero.com\/de\/products\/tqb\/\" class=\"btn ube-banner-btn ube-icon btn-md btn- btn-link\">\n\t\t\t\t\t\t\t\t\t\t\t\tSiehe mehr\t\t\t\t\t\t                    <\/a>\n\t\t\t\t\t\t\t\t\t\t <\/div>        <\/div>\n    <\/div>\n\t\t\t\t<\/div>\n\t\t\t\t<\/div>\n\t\t\t\t\t<\/div>\n\t\t<\/div>\n\t\t\t\t\t<\/div>\n\t\t<\/section>\n\t\t\t\t<section class=\"elementor-section elementor-inner-section elementor-element elementor-element-64288f9 g5core__el-width-1440 elementor-section-boxed elementor-section-height-default elementor-section-height-default\" data-id=\"64288f9\" data-element_type=\"section\">\n\t\t\t\t\t\t<div class=\"elementor-container elementor-column-gap-default\">\n\t\t\t\t\t<div class=\"elementor-column elementor-col-100 elementor-inner-column elementor-element elementor-element-1d96329\" data-id=\"1d96329\" data-element_type=\"column\">\n\t\t\t<div class=\"elementor-widget-wrap elementor-element-populated\">\n\t\t\t\t\t\t<div class=\"elementor-element elementor-element-d17da35 elementor-align-center elementor-widget elementor-widget-ube-banner\" data-id=\"d17da35\" data-element_type=\"widget\" data-widget_type=\"ube-banner.default\">\n\t\t\t\t<div class=\"elementor-widget-container\">\n\t\t\t\t\t    <div class=\"ube-banner ube-banner-layout-04 ube-banner-has-effect ube-banner-effect-flash ube-banner-effect-img-zoom-in\">\n        <div class=\"ube-banner-image\">\n\t\t\t            <div class=\"g5core__ll-background ube-banner-bg\" data-bg=\"https:\/\/tea-quiero.com\/wp-content\/uploads\/2023\/03\/banner-tqn-fruit-infusiont.jpg\" style=\"background-image : url(https:\/\/tea-quiero.com\/wp-content\/uploads\/2023\/03\/banner-tqn-fruit-infusiont.jpg)\">\n            <\/div>\n        <\/div>\n        <div class=\"ube-banner-content\">\n\t\t\t\t\t\t<h4 class=\"ube-banner-title\">                    <a href=\"https:\/\/tea-quiero.com\/de\/products\/tqn\/\">\n\t\t\t\t\t\tKlassiker                    <\/a>\n\t\t\t\t<\/h4>\t\t\t <div class=\"ube-banner-bottom-box\">\t\t\t                <div class=\"ube-banner-description\">\n\t\t\t\t\t<p class=\"p1\"><span class=\"s1\">Tea Quiero Klassiker ist ein Premium-Tee-Konzept. Unser hochwertiger, handgepfl\u00fcckter, nachhaltiger Tee ist perfekt in Doppelkammer-Papierfilterteebeuteln in einer luftdichten Papierh\u00fclle verpackt. Unser sorgf\u00e4ltig ausgew\u00e4hltes Sortiment von 9 Geschmacksrichtungen (3 Schwarztees, 3 Gr\u00fcntees und 3 Aufg\u00fcsse) wurde von unseren Teeexperten speziell gemischt, um sicherzustellen, dass die subtilen Aromen und erfrischenden D\u00fcfte jedes Mal aufs Neue zur Geltung kommen, so dass Ihnen bei jeder Tasse ein hochwertiges Teeerlebnis garantiert ist.<\/span><\/p>                <\/div>\n\t\t\t\t\t\t\t\t\t\t\t\t\t                    <a href=\"https:\/\/tea-quiero.com\/de\/products\/tqn\/\" class=\"btn ube-banner-btn ube-icon btn-md btn- btn-link\">\n\t\t\t\t\t\t\t\t\t\t\t\tSiehe mehr\t\t\t\t\t\t                    <\/a>\n\t\t\t\t\t\t\t\t\t\t <\/div>        <\/div>\n    <\/div>\n\t\t\t\t<\/div>\n\t\t\t\t<\/div>\n\t\t\t\t\t<\/div>\n\t\t<\/div>\n\t\t\t\t\t<\/div>\n\t\t<\/section>\n\t\t\t\t<section class=\"elementor-section elementor-inner-section elementor-element elementor-element-321f01e g5core__el-width-1440 elementor-section-boxed elementor-section-height-default elementor-section-height-default\" data-id=\"321f01e\" data-element_type=\"section\">\n\t\t\t\t\t\t<div class=\"elementor-container elementor-column-gap-default\">\n\t\t\t\t\t<div class=\"elementor-column elementor-col-100 elementor-inner-column elementor-element elementor-element-b2b9602\" data-id=\"b2b9602\" data-element_type=\"column\">\n\t\t\t<div class=\"elementor-widget-wrap elementor-element-populated\">\n\t\t\t\t\t\t<div class=\"elementor-element elementor-element-18dd0f3 elementor-align-center elementor-widget elementor-widget-ube-banner\" data-id=\"18dd0f3\" data-element_type=\"widget\" data-widget_type=\"ube-banner.default\">\n\t\t\t\t<div class=\"elementor-widget-container\">\n\t\t\t\t\t    <div class=\"ube-banner ube-banner-layout-04 ube-banner-has-effect ube-banner-effect-flash ube-banner-effect-img-zoom-in\">\n        <div class=\"ube-banner-image\">\n\t\t\t            <div class=\"g5core__ll-background ube-banner-bg\" data-bg=\"https:\/\/tea-quiero.com\/wp-content\/uploads\/2023\/03\/banner-fruit-infusion-tql.jpg\" style=\"background-image : url(https:\/\/tea-quiero.com\/wp-content\/uploads\/2023\/03\/banner-fruit-infusion-tql.jpg)\">\n            <\/div>\n        <\/div>\n        <div class=\"ube-banner-content\">\n\t\t\t\t\t\t<h4 class=\"ube-banner-title\">                    <a href=\"https:\/\/tea-quiero.com\/de\/products\/tql\/\">\n\t\t\t\t\t\tLose Tee                    <\/a>\n\t\t\t\t<\/h4>\t\t\t <div class=\"ube-banner-bottom-box\">\t\t\t                <div class=\"ube-banner-description\">\n\t\t\t\t\t<p class=\"p1\"><span class=\"s1\">Tea Quiero Loser Tee ist ein hochwertiger, nachhaltiger und exklusiver Bio-Tee. Unser sorgf\u00e4ltig ausgew\u00e4hltes Sortiment von 10 handverlesenen Bio-Qualit\u00e4ts-Teesorten (3 Schwarztees, 3 Gr\u00fcntees und 4 Aufg\u00fcsse) wurde von unseren Teeexperten speziell gemischt, um sicherzustellen, dass der subtile Geschmack und die erfrischenden Aromen jedes Mal gleichbleibend sind, so dass Sie in jeder Tasse ein hochwertiges Teeerlebnis genie\u00dfen k\u00f6nnen.<\/span><\/p>                <\/div>\n\t\t\t\t\t\t\t\t\t\t\t\t\t                    <a href=\"https:\/\/tea-quiero.com\/de\/products\/tql\/\" class=\"btn ube-banner-btn ube-icon btn-md btn- btn-link\">\n\t\t\t\t\t\t\t\t\t\t\t\tSiehe mehr\t\t\t\t\t\t                    <\/a>\n\t\t\t\t\t\t\t\t\t\t <\/div>        <\/div>\n    <\/div>\n\t\t\t\t<\/div>\n\t\t\t\t<\/div>\n\t\t\t\t\t<\/div>\n\t\t<\/div>\n\t\t\t\t\t<\/div>\n\t\t<\/section>\n\t\t\t\t<section class=\"elementor-section elementor-inner-section elementor-element elementor-element-7a5322d g5core__el-width-1440 elementor-section-boxed elementor-section-height-default elementor-section-height-default\" data-id=\"7a5322d\" data-element_type=\"section\">\n\t\t\t\t\t\t<div class=\"elementor-container elementor-column-gap-default\">\n\t\t\t\t\t<div class=\"elementor-column elementor-col-100 elementor-inner-column elementor-element elementor-element-003eaa7\" data-id=\"003eaa7\" data-element_type=\"column\">\n\t\t\t<div class=\"elementor-widget-wrap elementor-element-populated\">\n\t\t\t\t\t\t<div class=\"elementor-element elementor-element-d7cbc75 elementor-align-center elementor-widget elementor-widget-ube-banner\" data-id=\"d7cbc75\" data-element_type=\"widget\" data-widget_type=\"ube-banner.default\">\n\t\t\t\t<div class=\"elementor-widget-container\">\n\t\t\t\t\t    <div class=\"ube-banner ube-banner-layout-04 ube-banner-has-effect ube-banner-effect-flash ube-banner-effect-img-zoom-in\">\n        <div class=\"ube-banner-image\">\n\t\t\t            <div class=\"g5core__ll-background ube-banner-bg\" data-bg=\"https:\/\/tea-quiero.com\/wp-content\/uploads\/2023\/03\/banner-tqe-menta.jpg\" style=\"background-image : url(https:\/\/tea-quiero.com\/wp-content\/uploads\/2023\/03\/banner-tqe-menta.jpg)\">\n            <\/div>\n        <\/div>\n        <div class=\"ube-banner-content\">\n\t\t\t\t\t\t<h4 class=\"ube-banner-title\">                    <a href=\"https:\/\/tea-quiero.com\/de\/products\/tqe\/\">\n\t\t\t\t\t\tVerschweisste Umschl\u00e4ge                    <\/a>\n\t\t\t\t<\/h4>\t\t\t <div class=\"ube-banner-bottom-box\">\t\t\t                <div class=\"ube-banner-description\">\n\t\t\t\t\t<p class=\"p1\"><span class=\"s1\">Tea Quiero Umschl\u00e4ge ist ein Premium-Tee-Konzept. Unser hochwertiger, handgepfl\u00fcckter Tee ist perfekt in flachen Pyramidenbeuteln in einem luftdichten Papierumschlag verpackt. Unser sorgf\u00e4ltig ausgew\u00e4hltes Sortiment von 9 Sorten (4 Schwarztees, 2 Gr\u00fcntees und 3 Aufg\u00fcsse) wurde von unseren Teeexperten speziell gemischt, um sicherzustellen, dass die subtilen Geschmacksnoten und erfrischenden Aromen jedes Mal gleichbleibend gut zur Geltung kommen, so dass Ihnen bei jeder Tasse ein hochwertiges Teeerlebnis garantiert ist.<\/span><\/p>                <\/div>\n\t\t\t\t\t\t\t\t\t\t\t\t\t                    <a href=\"https:\/\/tea-quiero.com\/de\/products\/tqe\/\" class=\"btn ube-banner-btn ube-icon btn-md btn- btn-link\">\n\t\t\t\t\t\t\t\t\t\t\t\tSiehe mehr\t\t\t\t\t\t                    <\/a>\n\t\t\t\t\t\t\t\t\t\t <\/div>        <\/div>\n    <\/div>\n\t\t\t\t<\/div>\n\t\t\t\t<\/div>\n\t\t\t\t\t<\/div>\n\t\t<\/div>\n\t\t\t\t\t<\/div>\n\t\t<\/section>\n\t\t\t\t\t<\/div>\n\t\t<\/div>\n\t\t\t\t\t<\/div>\n\t\t<\/section>\n\t\t\t\t<\/div>","protected":false},"excerpt":{"rendered":"<p>Pyramid Miniboxes Tea Quiero Minibox is a premium and exclusive HoReCa organic tea concept. Our high quality full leaf hand-picked sustainable tea is perfectly packed in biodegradable teabags. Our miniboxes are made of carton and can be re-used as tray for your teabag after brewing. Our carefully selected range of 10 organic flavours (3 black [&hellip;]<\/p>\n","protected":false},"author":2,"featured_media":0,"parent":0,"menu_order":0,"comment_status":"closed","ping_status":"closed","template":"","meta":{"footnotes":""},"_links":{"self":[{"href":"https:\/\/tea-quiero.com\/de\/wp-json\/wp\/v2\/pages\/5651"}],"collection":[{"href":"https:\/\/tea-quiero.com\/de\/wp-json\/wp\/v2\/pages"}],"about":[{"href":"https:\/\/tea-quiero.com\/de\/wp-json\/wp\/v2\/types\/page"}],"author":[{"embeddable":true,"href":"https:\/\/tea-quiero.com\/de\/wp-json\/wp\/v2\/users\/2"}],"replies":[{"embeddable":true,"href":"https:\/\/tea-quiero.com\/de\/wp-json\/wp\/v2\/comments?post=5651"}],"version-history":[{"count":48,"href":"https:\/\/tea-quiero.com\/de\/wp-json\/wp\/v2\/pages\/5651\/revisions"}],"predecessor-version":[{"id":7195,"href":"https:\/\/tea-quiero.com\/de\/wp-json\/wp\/v2\/pages\/5651\/revisions\/7195"}],"wp:attachment":[{"href":"https:\/\/tea-quiero.com\/de\/wp-json\/wp\/v2\/media?parent=5651"}],"curies":[{"name":"wp","href":"https:\/\/api.w.org\/{rel}","templated":true}]}}